{"id":83,"date":"2024-05-28T09:59:36","date_gmt":"2024-05-28T07:59:36","guid":{"rendered":"https:\/\/perito-moreno.com\/?page_id=83"},"modified":"2024-07-17T10:32:22","modified_gmt":"2024-07-17T08:32:22","slug":"el-chalten-caminhadas","status":"publish","type":"page","link":"https:\/\/perito-moreno.com\/pt\/el-chalten-caminhadas\/","title":{"rendered":"El Chalt\u00e9n &#8211; Caminhadas"},"content":{"rendered":"<div class=\"wpb-content-wrapper\"><p>[vc_row][vc_column][vc_single_image image=&#8221;299&#8243; img_size=&#8221;full&#8221; css=&#8221;&#8221;][vc_column_text css=&#8221;&#8221;]<\/p>\n<h1>Caminhadas em El Chalt\u00e9n: onde aproveitar a Patag\u00f4nia ao m\u00e1ximo<\/h1>\n<p>Aninhada em um remoto vale glacial aos p\u00e9s das famosas montanhas Fitz Roy e Torre, a pequena cidade de El Chalt\u00e9n se tornou a capital nacional do trekking e das atividades ao ar livre na Argentina. A partir desse pacato povoado de pouco mais de 1.000 habitantes, os amantes de caminhadas em trilhas naturais t\u00eam acesso a uma variedade de circuitos e travessias que levam \u00e0 explora\u00e7\u00e3o de alguns dos cantos montanhosos mais intocados e de tirar o f\u00f4lego do sul da Patag\u00f4nia.<\/p>\n<h2>Fitz Roy e seus picos lend\u00e1rios<\/h2>\n<p>A grande atra\u00e7\u00e3o que atrai milhares de caminhantes a cada temporada \u00e9, sem d\u00favida, o Monte Fitz Roy, com suas enormes paredes de granito cobertas por geleiras suspensas. A apenas 18 quil\u00f4metros da cidade, esse emblem\u00e1tico pico de 3.375 metros se ergue em uma s\u00e9rie de enormes torres de rocha nua que desafiam a imagina\u00e7\u00e3o.<\/p>\n<p>A rota de trekking mais famosa para admirar o Fitz Roy \u00e9 o Sendero al Campamento Rio Blanco, uma caminhada de 4 dias e 3 noites at\u00e9 os mirantes naturais com as melhores vistas. A oportunidade de ver essa frente vertical de picos eternamente cobertos de neve ao vivo faz dessa caminhada uma experi\u00eancia \u00fanica.<\/p>\n<div data-gyg-href=\"https:\/\/widget.getyourguide.com\/default\/activities.frame\" data-gyg-locale-code=\"pt-BR\" data-gyg-widget=\"activities\" data-gyg-number-of-items=\"4\" data-gyg-partner-id=\"OKFS1TT\" data-gyg-tour-ids=\"233572,38300,684526,609051\">Powered by <a href=\"https:\/\/www.getyourguide.com\/el-calafate-l544\/\" target=\"_blank\" rel=\"noopener sponsored\">GetYourGuide<\/a><\/div>\n<p>&nbsp;<\/p>\n<h3>O desafio do Cerro Torre<\/h3>\n<p>Muito pr\u00f3ximo ao <a href=\"https:\/\/perito-moreno.com\/pt\/fitz-roy\/\"><strong>Fitz Roy<\/strong><\/a> est\u00e1 outro grande \u00edcone das caminhadas de El Chalt\u00e9n: o temido <a href=\"https:\/\/perito-moreno.com\/pt\/cerro-torre\/\"><strong>Cerro Torre<\/strong><\/a>. Com 3.102 metros de altura e suas bordas cobertas de gelo caracter\u00edsticas, esse pico de granito \u00e9 considerado uma das rotas de escalada t\u00e9cnica mais complexas e perigosas do mundo para montanhistas radicais.<\/p>\n<p>Os caminhantes t\u00eam a oportunidade de admirar as imponentes paredes do Cerro Torre por meio do Sendero al Mirador Maestri, uma caminhada circular desafiadora, mas gratificante. A partir desse ponto de observa\u00e7\u00e3o natural, a vista da capa suspensa do pico e de seus corredores verticais de gelo \u00e9 simplesmente de outro mundo.<\/p>\n<h4>Vales e lagoas dos sonhos<\/h4>\n<p>Al\u00e9m das grandes rochas, a regi\u00e3o de El Chalt\u00e9n oferece uma rede intermin\u00e1vel de trilhas e rotas de trekking que levam \u00e0 explora\u00e7\u00e3o de paisagens de sonho com vales glaciais, montes de neve, lagos e lagoas incrivelmente coloridos devido \u00e0s part\u00edculas minerais da geleira.<\/p>\n<p>Entre as rotas mais not\u00e1veis est\u00e3o as dos condores e das \u00e1guas, onde voc\u00ea pode observar aves de rapina em pleno voo sob as paredes de granito do maci\u00e7o. Ou a <a href=\"https:\/\/perito-moreno.com\/pt\/laguna-de-los-tres\/\"><strong>Laguna de los Tres<\/strong><\/a>, um espelho l\u00edquido azul-turquesa cercado por um anfiteatro de granito no qual se reflete a imponente face do Fitz Roy.<\/p>\n<h3>Rota 40 e o corredor bioce\u00e2nico<\/h3>\n<p>Uma experi\u00eancia especial para aproveitar a riqueza c\u00eanica do trekking em El Chalt\u00e9n \u00e9 viajar por trechos da lend\u00e1ria Ruta 40, o corredor bioce\u00e2nico da Patag\u00f4nia. Essa estrada de cascalho atravessa a \u00e1rea protegida e serpenteia por enormes colinas, vales com geleiras fluviais e florestas antigas de lengas e \u00f1ires.<\/p>\n<p>A melhor maneira de explor\u00e1-la \u00e9 contratando excurs\u00f5es em ve\u00edculos 4&#215;4 que param em diferentes pontos para fazer caminhadas que se conectam com as trilhas principais, como a famosa Huemul ou a Gorge El\u00e9ctrico. No percurso, voc\u00ea pode admirar paisagens semides\u00e9rticas e infinitos picos cobertos de neve que se destacam contra os campos verdes.<\/p>\n<h4>A reserva de vida selvagem<\/h4>\n<p>Outro motivo pelo qual <a href=\"https:\/\/perito-moreno.com\/pt\/el-chalten\/\"><strong>El Chalt\u00e9n<\/strong><\/a> \u00e9 t\u00e3o atraente para caminhadas \u00e9 a riqueza de sua vida selvagem. Nesses vales e florestas remotos, esp\u00e9cies carism\u00e1ticas como huemules, guanacos, condores e at\u00e9 pumas ainda vivem nas encostas escondidas das colinas.<\/p>\n<p>Somente caminhando lenta e silenciosamente pelas trilhas naturais \u00e9 poss\u00edvel entrar em contato com essa fauna sens\u00edvel e observar os animais em seu habitat original. Os caminhantes e montanhistas experientes que chegam \u00e0 cidade s\u00e3o uma fonte valiosa de informa\u00e7\u00f5es sobre as melhores rotas com avistamentos.<\/p>\n<p>El Chalt\u00e9n \u00e9, sem d\u00favida, o ponto de partida ideal para os entusiastas de trekking e atividades ao ar livre que desejam explorar a <a href=\"https:\/\/perito-moreno.com\/pt\/patagonia\/\"><strong>Patag\u00f4nia<\/strong> <\/a>remota e intocada. Caminhar entre geleiras e intermin\u00e1veis paredes de granito, dormir sob as estrelas mais brilhantes do hemisf\u00e9rio e conectar-se com a natureza pura e indom\u00e1vel s\u00e3o experi\u00eancias dif\u00edceis de esquecer.[\/vc_column_text][\/vc_column][\/vc_row]<\/p>\n<\/div>","protected":false},"excerpt":{"rendered":"<p>[vc_row][vc_column][vc_single_image image=&#8221;299&#8243; img_size=&#8221;full&#8221; css=&#8221;&#8221;][vc_column_text css=&#8221;&#8221;] Caminhadas em El Chalt\u00e9n: onde aproveitar a Patag\u00f4nia ao m\u00e1ximo Aninhada em um remoto vale glacial aos p\u00e9s das famosas montanhas Fitz Roy e Torre, a pequena cidade de El Chalt\u00e9n se tornou a capital nacional do trekking e das atividades ao ar livre na Argentina. A partir desse pacato [&hellip;]<\/p>\n","protected":false},"author":1,"featured_media":0,"parent":0,"menu_order":0,"comment_status":"closed","ping_status":"closed","template":"","meta":{"om_disable_all_campaigns":false,"_monsterinsights_skip_tracking":false,"_monsterinsights_sitenote_active":false,"_monsterinsights_sitenote_note":"","_monsterinsights_sitenote_category":0,"footnotes":""},"class_list":["post-83","page","type-page","status-publish","hentry"],"aioseo_notices":[],"_links":{"self":[{"href":"https:\/\/perito-moreno.com\/pt\/wp-json\/wp\/v2\/pages\/83","targetHints":{"allow":["GET"]}}],"collection":[{"href":"https:\/\/perito-moreno.com\/pt\/wp-json\/wp\/v2\/pages"}],"about":[{"href":"https:\/\/perito-moreno.com\/pt\/wp-json\/wp\/v2\/types\/page"}],"author":[{"embeddable":true,"href":"https:\/\/perito-moreno.com\/pt\/wp-json\/wp\/v2\/users\/1"}],"replies":[{"embeddable":true,"href":"https:\/\/perito-moreno.com\/pt\/wp-json\/wp\/v2\/comments?post=83"}],"version-history":[{"count":0,"href":"https:\/\/perito-moreno.com\/pt\/wp-json\/wp\/v2\/pages\/83\/revisions"}],"wp:attachment":[{"href":"https:\/\/perito-moreno.com\/pt\/wp-json\/wp\/v2\/media?parent=83"}],"curies":[{"name":"wp","href":"https:\/\/api.w.org\/{rel}","templated":true}]}}