{"id":69,"date":"2024-05-28T08:30:49","date_gmt":"2024-05-28T06:30:49","guid":{"rendered":"https:\/\/perito-moreno.com\/?page_id=69"},"modified":"2024-07-17T10:40:47","modified_gmt":"2024-07-17T08:40:47","slug":"laguna-de-los-tres","status":"publish","type":"page","link":"https:\/\/perito-moreno.com\/pt\/laguna-de-los-tres\/","title":{"rendered":"Laguna de los tres"},"content":{"rendered":"<div class=\"wpb-content-wrapper\"><p>[vc_row][vc_column][vc_single_image image=&#8221;296&#8243; img_size=&#8221;full&#8221; css=&#8221;&#8221;][vc_column_text css=&#8221;&#8221;]<\/p>\n<h1>Caminhada at\u00e9 a Laguna de los Tres: a rota para o cora\u00e7\u00e3o do Fitz Roy<\/h1>\n<p>A pequena cidade de El Chalt\u00e9n, na prov\u00edncia de Santa Cruz, \u00e9 conhecida como a &#8220;Capital Nacional do Trekking&#8221; da Argentina. E por um bom motivo, pois \u00e9 a porta de entrada para algumas das trilhas de caminhada mais espetaculares da <a href=\"https:\/\/perito-moreno.com\/pt\/patagonia\/\"><strong>Patag\u00f4nia<\/strong><\/a>, com vistas privilegiadas das famosas montanhas Fitz Roy e <a href=\"https:\/\/perito-moreno.com\/pt\/cerro-torre\/\"><strong>Cerro Torre<\/strong><\/a>. Mas se h\u00e1 um passeio que supera todos eles, \u00e9, sem d\u00favida, a caminhada pela Laguna de los Tres, um desafio de alta montanha que o aproxima da beleza m\u00e1gica do Monte Fitz Roy.<\/p>\n<h2>Trekking em alta montanha<\/h2>\n<p>Apesar da dist\u00e2ncia relativamente curta de apenas 24 km de ida e volta, a caminhada at\u00e9 a Laguna de los Tres n\u00e3o \u00e9 adequada para todos os caminhantes. \u00c9 uma trilha t\u00e9cnica de alta montanha com longas se\u00e7\u00f5es \u00edngremes, terreno irregular e v\u00e1rias travessias de riachos e rios de \u00e1gua derretida que exigem experi\u00eancia e preparo f\u00edsico.<\/p>\n<p>A trilha come\u00e7a em <a href=\"https:\/\/perito-moreno.com\/pt\/el-chalten\/\"><strong>El Chalt\u00e9n<\/strong><\/a> e sobe pelo Valle de las Vueltas, com o maior ganho de eleva\u00e7\u00e3o nos primeiros 9 km. A partir da\u00ed, a rota leva a uma paisagem alpina de enorme beleza com vistas diretas do desafiador granito do Cerro Fitz Roy e seus picos.<\/p>\n<h3>A recompensa: a Laguna de los Tres<\/h3>\n<p>Ap\u00f3s v\u00e1rias horas de caminhada extenuante, a trilha finalmente leva a uma das mais impressionantes lagoas glaciais dos Andes patag\u00f4nicos: a Laguna de los Tres. Situada a 1.054 metros acima do n\u00edvel do mar, sua \u00e1gua azul-turquesa intensa recebe uma tonalidade quase sobrenatural devido aos minerais criados pelo derretimento das geleiras que a alimentam.<\/p>\n<p>O que \u00e9 realmente fascinante, entretanto, \u00e9 a natureza incompar\u00e1vel que cerca a lagoa. Ao fundo, erguem-se as imponentes e majestosas paredes de granito do Cerro Fitz Roy, com suas inconfund\u00edveis agulhas e picos que desafiam todas as for\u00e7as, a uma altitude de 3.405 metros acima do n\u00edvel do mar. Uma paisagem montanhosa de sonho, digna dos cart\u00f5es postais mais famosos da Patag\u00f4nia.<\/p>\n<h4>Encontros com a fauna andina<\/h4>\n<p>A trilha para a Laguna de los Tres n\u00e3o oferece apenas um cen\u00e1rio de tirar o f\u00f4lego. Ela tamb\u00e9m oferece excelentes oportunidades para observar a fauna caracter\u00edstica da regi\u00e3o dos Andes patag\u00f4nicos. N\u00e3o \u00e9 raro encontrar bandos de nandus, cauquenes ou chimangos perambulando pela \u00e1rea.<\/p>\n<p>Para os entusiastas da observa\u00e7\u00e3o de p\u00e1ssaros, a \u00e1rea \u00e9 um verdadeiro santu\u00e1rio de aves andinas, como o inconfund\u00edvel chucao, o majestoso pichi cego e o extraordin\u00e1rio condor andino, que desliza em sua forma majestosa sobre os picos. Nos riachos e prados, voc\u00ea pode observar os simp\u00e1ticos cauquenes reales e os esquivos huemules, uma esp\u00e9cie amea\u00e7ada de extin\u00e7\u00e3o.<\/p>\n<h5>Um desafio para os caminhantes experientes<\/h5>\n<p>Devido \u00e0 dist\u00e2ncia, \u00e0 grande diferen\u00e7a de altitude e \u00e0 travessia de rios glaciais, as autoridades s\u00f3 recomendam uma caminhada at\u00e9 a Laguna de los Tres se voc\u00ea tiver a experi\u00eancia, o equipamento e a resist\u00eancia adequados para caminhadas em montanhas. A maioria dos caminhantes precisa de 8 a 9 horas para a viagem de ida e volta.<\/p>\n<p>O ideal \u00e9 contratar um guia de trekking local que conhe\u00e7a a rota e suas condi\u00e7\u00f5es vari\u00e1veis como a palma da m\u00e3o. Ele fornecer\u00e1 equipamentos como bast\u00f5es, grampos e bons cal\u00e7ados para as se\u00e7\u00f5es tecnicamente mais exigentes. Ele tamb\u00e9m pode lhe mostrar os melhores pontos de vista e locais de observa\u00e7\u00e3o da vida selvagem.<\/p>\n<p>Aqueles que conseguirem conquistar a Laguna de los Tres ser\u00e3o recompensados com uma experi\u00eancia \u00fanica combinada com a ess\u00eancia natural dos Andes patag\u00f4nicos. Respirar o ar puro da montanha e admirar a beleza grandiosa do <a href=\"https:\/\/perito-moreno.com\/pt\/fitz-roy\/\"><strong>Cerro Fitz Roy<\/strong><\/a> \u00e9, sem d\u00favida, uma lembran\u00e7a inesquec\u00edvel para os entusiastas do trekking.[\/vc_column_text][vc_column_text css=&#8221;&#8221;]<\/p>\n<div data-gyg-href=\"https:\/\/widget.getyourguide.com\/default\/activities.frame\" data-gyg-locale-code=\"pt-BR\" data-gyg-widget=\"activities\" data-gyg-number-of-items=\"3\" data-gyg-partner-id=\"OKFS1TT\" data-gyg-tour-ids=\"387139,479615,38300\">Powered by <a href=\"https:\/\/www.getyourguide.com\/el-calafate-l544\/\" target=\"_blank\" rel=\"noopener sponsored\">GetYourGuide<\/a><\/div>\n<p>[\/vc_column_text][\/vc_column][\/vc_row]<\/p>\n<\/div>","protected":false},"excerpt":{"rendered":"<p>[vc_row][vc_column][vc_single_image image=&#8221;296&#8243; img_size=&#8221;full&#8221; css=&#8221;&#8221;][vc_column_text css=&#8221;&#8221;] Caminhada at\u00e9 a Laguna de los Tres: a rota para o cora\u00e7\u00e3o do Fitz Roy A pequena cidade de El Chalt\u00e9n, na prov\u00edncia de Santa Cruz, \u00e9 conhecida como a &#8220;Capital Nacional do Trekking&#8221; da Argentina. E por um bom motivo, pois \u00e9 a porta de entrada para algumas das [&hellip;]<\/p>\n","protected":false},"author":1,"featured_media":0,"parent":0,"menu_order":0,"comment_status":"closed","ping_status":"closed","template":"","meta":{"om_disable_all_campaigns":false,"_monsterinsights_skip_tracking":false,"_monsterinsights_sitenote_active":false,"_monsterinsights_sitenote_note":"","_monsterinsights_sitenote_category":0,"footnotes":""},"class_list":["post-69","page","type-page","status-publish","hentry"],"aioseo_notices":[],"_links":{"self":[{"href":"https:\/\/perito-moreno.com\/pt\/wp-json\/wp\/v2\/pages\/69","targetHints":{"allow":["GET"]}}],"collection":[{"href":"https:\/\/perito-moreno.com\/pt\/wp-json\/wp\/v2\/pages"}],"about":[{"href":"https:\/\/perito-moreno.com\/pt\/wp-json\/wp\/v2\/types\/page"}],"author":[{"embeddable":true,"href":"https:\/\/perito-moreno.com\/pt\/wp-json\/wp\/v2\/users\/1"}],"replies":[{"embeddable":true,"href":"https:\/\/perito-moreno.com\/pt\/wp-json\/wp\/v2\/comments?post=69"}],"version-history":[{"count":0,"href":"https:\/\/perito-moreno.com\/pt\/wp-json\/wp\/v2\/pages\/69\/revisions"}],"wp:attachment":[{"href":"https:\/\/perito-moreno.com\/pt\/wp-json\/wp\/v2\/media?parent=69"}],"curies":[{"name":"wp","href":"https:\/\/api.w.org\/{rel}","templated":true}]}}