{"id":61,"date":"2024-05-27T20:45:06","date_gmt":"2024-05-27T18:45:06","guid":{"rendered":"https:\/\/perito-moreno.com\/?page_id=61"},"modified":"2024-07-17T10:43:38","modified_gmt":"2024-07-17T08:43:38","slug":"passeios-turisticos","status":"publish","type":"page","link":"https:\/\/perito-moreno.com\/pt\/passeios-turisticos\/","title":{"rendered":"Passeios tur\u00edsticos"},"content":{"rendered":"<div class=\"wpb-content-wrapper\"><p>[vc_row][vc_column width=&#8221;1\/6&#8243;][vc_btn title=&#8221;Cerro Torre&#8221; style=&#8221;gradient&#8221; css=&#8221;&#8221; link=&#8221;url:https%3A%2F%2Fperito-moreno.com%2Fpt%2Fcerro-torre%2F|title:Cerro%20Torre&#8221;][\/vc_column][vc_column width=&#8221;1\/6&#8243;][vc_btn title=&#8221;El Calafate&#8221; style=&#8221;gradient&#8221; css=&#8221;&#8221; link=&#8221;url:https%3A%2F%2Fperito-moreno.com%2Fpt%2Fcalafate%2F|title:El%20Calafate&#8221;][vc_btn title=&#8221;Lago Argentino&#8221; style=&#8221;gradient&#8221; css=&#8221;&#8221; link=&#8221;url:https%3A%2F%2Fperito-moreno.com%2Fpt%2Flago-argentino%2F|title:Lago%20Argentino&#8221;][\/vc_column][vc_column width=&#8221;1\/6&#8243;][vc_btn title=&#8221;El Chalt\u00e9n&#8221; style=&#8221;gradient&#8221; css=&#8221;&#8221; link=&#8221;url:https%3A%2F%2Fperito-moreno.com%2Fpt%2Fel-chalten%2F|title:El%20Chalt%C3%A9n&#8221;][vc_btn title=&#8221;Geleira Viedma&#8221; style=&#8221;gradient&#8221; css=&#8221;&#8221; link=&#8221;url:https%3A%2F%2Fperito-moreno.com%2Fpt%2Fviedma%2F|title:Geleira%20Viedma&#8221;][\/vc_column][vc_column width=&#8221;1\/6&#8243;][vc_btn title=&#8221;Fitz Roy&#8221; style=&#8221;gradient&#8221; css=&#8221;&#8221; link=&#8221;url:https%3A%2F%2Fperito-moreno.com%2Fpt%2Ffitz-roy%2F|title:Fitz%20Roy&#8221;][vc_btn title=&#8221;Parque Nacional Los Glaciares&#8221; style=&#8221;gradient&#8221; css=&#8221;&#8221; link=&#8221;url:https%3A%2F%2Fperito-moreno.com%2Fpt%2FParque-Nacional-Los-Glaciares|title:Parque%20Nacional%20Los%20Glaciares&#8221;][vc_btn title=&#8221;Perito Moreno&#8221; style=&#8221;gradient&#8221; css=&#8221;&#8221; link=&#8221;url:https%3A%2F%2Fperito-moreno.com%2Fpt%2Fgeleira|title:Perito%20Moreno&#8221;][\/vc_column][vc_column width=&#8221;1\/6&#8243;][vc_btn title=&#8221;Geleira Spegazzini&#8221; style=&#8221;gradient&#8221; css=&#8221;&#8221; link=&#8221;url:https%3A%2F%2Fperito-moreno.com%2Fpt%2Fgeleira-spegazzini|title:Geleira%20Spegazzini&#8221;][vc_btn title=&#8221;Parque Nacional Torres del Paine&#8221; style=&#8221;gradient&#8221; css=&#8221;&#8221; link=&#8221;url:https%3A%2F%2Fperito-moreno.com%2Fpt%2Fparque-nacional-torres-del-paine|title:Parque%20Nacional%20Torres%20del%20Paine&#8221;][\/vc_column][vc_column width=&#8221;1\/6&#8243;][vc_btn title=&#8221;Geleira Upsala&#8221; style=&#8221;gradient&#8221; css=&#8221;&#8221; link=&#8221;url:https%3A%2F%2Fperito-moreno.com%2Fpt%2Fupsala%2F|title:Geleira%20Upsala&#8221;][\/vc_column][\/vc_row][vc_row][vc_column][vc_column_text css=&#8221;&#8221;]<\/p>\n<h1>O que ver ao redor da Geleira Perito Moreno<\/h1>\n<p>A vis\u00e3o das enormes paredes de gelo azul da geleira Perito Moreno \u00e9, sem d\u00favida, uma das experi\u00eancias mais inesquec\u00edveis da Patag\u00f4nia argentina. Entretanto, a regi\u00e3o que circunda esse gigante de gelo abriga muitas outras belezas naturais que merecem ser visitadas e admiradas. De montanhas intocadas a belos lagos glaciais, cachoeiras extraordin\u00e1rias e vilarejos pitorescos. Esses s\u00e3o alguns dos lugares imperd\u00edveis na \u00e1rea de Perito Moreno.<\/p>\n<h2>Cerro Frias e seus pontos de vista exclusivos<\/h2>\n<p>A apenas uma hora de carro da \u00e1rea de Perito Moreno est\u00e1 o Cerro Frias, que oferece uma das mais belas vistas panor\u00e2micas de toda a \u00e1rea do <a href=\"https:\/\/perito-moreno.com\/pt\/parque-nacional-los-glaciares\/\"><strong>Parque Nacional Los Glaciares<\/strong><\/a>. A partir dessa pequena montanha de 1.500 metros de altura, as trilhas de caminhada levam a v\u00e1rios mirantes naturais com vistas de 360 graus.<\/p>\n<p>De seus picos, \u00e9 poss\u00edvel ver a geleira Perito Moreno em sua totalidade, juntamente com o enorme Lago Argentino e uma grande parte da cordilheira dos Andes coberta de neve perp\u00e9tua e gelo suspenso. \u00c9 uma caminhada f\u00e1cil, mas muito gratificante em termos de paisagem.<\/p>\n<h3>O vilarejo montanhoso de El Calafate<\/h3>\n<p>Depois de admirar o Perito Moreno, voc\u00ea definitivamente deve visitar a pitoresca cidade de El Calafate, o mais importante resort tur\u00edstico da regi\u00e3o. Com sua arquitetura alpina de ruas de paralelep\u00edpedos e edif\u00edcios feitos de pedra e madeira, esse pac\u00edfico povoado patag\u00f4nico convida voc\u00ea a relaxar e a se deixar levar pela tranquilidade da paisagem.<\/p>\n<p><a href=\"https:\/\/perito-moreno.com\/pt\/calafate\/\"><strong>El Calafate<\/strong><\/a> n\u00e3o \u00e9 apenas um ponto de partida ideal para passeios de pesca, cavalgadas e observa\u00e7\u00e3o da rara fauna nativa, como condores e guanacos, mas tamb\u00e9m para a gastronomia que se concentra em produtos regionais, como os deliciosos pratos de cordeiro grelhado.<\/p>\n<h4>Lago Roca e seu encantador mirante<\/h4>\n<p>Muito pr\u00f3ximo \u00e0 \u00e1rea de Perito Moreno est\u00e1 o Lago Roca, um espelho l\u00edquido de \u00e1gua azul-turquesa intensa cercado por uma bacia de picos rochosos nus. A caracter\u00edstica mais marcante \u00e9 a oportunidade de subir por uma trilha at\u00e9 um mirante natural em um afloramento rochoso na margem do lago.<\/p>\n<p>Desse ponto de vista elevado, voc\u00ea pode admirar o Lago Roca em todo o seu esplendor, enquanto desfruta de uma vista panor\u00e2mica das colinas e geleiras da Cordilheira dos Andes. Um lugar ideal para fot\u00f3grafos de paisagens ou simplesmente para relaxar e entrar em contato com a natureza patag\u00f4nica.<\/p>\n<h5>As cachoeiras e as margens do rio Centinela<\/h5>\n<p>Outra atra\u00e7\u00e3o altamente recomendada perto de Perito Moreno \u00e9 o vale do rio Centinela. Essa \u00e1gua glacial azul-turquesa brota das encostas da geleira Marconi e despenca em uma s\u00e9rie de cachoeiras e corredeiras de grande beleza c\u00eanica.<\/p>\n<p>H\u00e1 v\u00e1rias caminhadas organizadas ao longo das margens do Centinela, onde voc\u00ea pode se aproximar das cachoeiras de diferentes \u00e2ngulos, em um ambiente de \u00e1rvores antigas cercadas por picos andinos. Elas tamb\u00e9m oferecem a oportunidade de ver de perto a enorme for\u00e7a erosiva da \u00e1gua da geleira sobre as rochas.<\/p>\n<h3>Lago Argentino e suas miragens crom\u00e1ticas<\/h3>\n<p>Embora seja poss\u00edvel navegar pelo <a href=\"https:\/\/perito-moreno.com\/pt\/lago-argentino\/\"><strong>fabuloso Lago Argentino<\/strong><\/a> a partir das margens do Perito Moreno, \u00e9 uma experi\u00eancia completamente diferente explor\u00e1-lo a partir de outros pontos de acesso, como Punta Bandera ou Punta Tehuelche. Essas travessias aqu\u00e1ticas permitem que voc\u00ea mergulhe em \u00e1guas abertas e admire os infinitos tons de azul, verde e cinza que essa \u00e1gua glacial assume.<\/p>\n<p>Dependendo da intensidade do sol, as part\u00edculas de gelo suspensas criam efeitos de refra\u00e7\u00e3o surpreendentes e reflexos de cores de tirar o f\u00f4lego. \u00c9 quase como se voc\u00ea estivesse navegando em uma enorme tela l\u00edquida na qual as cores mudam constantemente em infinitos tons.<\/p>\n<h4>Geleiras vizinhas que s\u00e3o igualmente impressionantes<\/h4>\n<p>Na \u00e1rea ao redor de Perito Moreno, h\u00e1 outras enormes l\u00ednguas de geleiras, embora um pouco mais escondidas. Entre elas est\u00e1 a <a href=\"https:\/\/perito-moreno.com\/pt\/geleira-spegazzini\/\"><strong>Geleira Spegazzini<\/strong><\/a>, um colosso de 25 km de comprimento que \u00e9 a l\u00edngua de geleira mais longa do campo de gelo continental patag\u00f4nico que a alimenta.<\/p>\n<p>Outra op\u00e7\u00e3o \u00e9 a Geleira Ameghino, cuja l\u00edngua frontal de 50 metros de altura pode ser vista ap\u00f3s uma caminhada de um dia inteiro. Para os mais aventureiros, \u00e9 poss\u00edvel atravessar a Geleira Marconi com suas enormes fendas e cavernas de gelo milenar.<\/p>\n<p>Toda a regi\u00e3o da <a href=\"https:\/\/perito-moreno.com\/pt\/patagonia\/\"><strong>Patag\u00f4nia<\/strong><\/a> Argentina \u00e9 um verdadeiro para\u00edso natural para os amantes das mais puras e intocadas paisagens glaciais. Planejar uma excurs\u00e3o que combine o <a href=\"https:\/\/perito-moreno.com\/pt\/geleira\/\"><strong>Perito Moreno<\/strong><\/a> com algumas dessas outras maravilhas \u00e9, sem d\u00favida, a melhor maneira de descobrir a ess\u00eancia crua e remota das \u00faltimas grandes geleiras da Am\u00e9rica do Sul.[\/vc_column_text][vc_column_text css=&#8221;&#8221;]<\/p>\n<div data-gyg-href=\"https:\/\/widget.getyourguide.com\/default\/activities.frame\" data-gyg-locale-code=\"pt-BR\" data-gyg-widget=\"activities\" data-gyg-number-of-items=\"3\" data-gyg-partner-id=\"OKFS1TT\" data-gyg-tour-ids=\"37818,233607,233587\">Powered by <a href=\"https:\/\/www.getyourguide.com\/el-calafate-l544\/\" target=\"_blank\" rel=\"noopener sponsored\">GetYourGuide<\/a><\/div>\n<p>[\/vc_column_text][\/vc_column][\/vc_row]<\/p>\n<\/div>","protected":false},"excerpt":{"rendered":"<p>[vc_row][vc_column width=&#8221;1\/6&#8243;][vc_btn title=&#8221;Cerro Torre&#8221; style=&#8221;gradient&#8221; css=&#8221;&#8221; link=&#8221;url:https%3A%2F%2Fperito-moreno.com%2Fpt%2Fcerro-torre%2F|title:Cerro%20Torre&#8221;][\/vc_column][vc_column width=&#8221;1\/6&#8243;][vc_btn title=&#8221;El Calafate&#8221; style=&#8221;gradient&#8221; css=&#8221;&#8221; link=&#8221;url:https%3A%2F%2Fperito-moreno.com%2Fpt%2Fcalafate%2F|title:El%20Calafate&#8221;][vc_btn title=&#8221;Lago Argentino&#8221; style=&#8221;gradient&#8221; css=&#8221;&#8221; link=&#8221;url:https%3A%2F%2Fperito-moreno.com%2Fpt%2Flago-argentino%2F|title:Lago%20Argentino&#8221;][\/vc_column][vc_column width=&#8221;1\/6&#8243;][vc_btn title=&#8221;El Chalt\u00e9n&#8221; style=&#8221;gradient&#8221; css=&#8221;&#8221; link=&#8221;url:https%3A%2F%2Fperito-moreno.com%2Fpt%2Fel-chalten%2F|title:El%20Chalt%C3%A9n&#8221;][vc_btn title=&#8221;Geleira Viedma&#8221; style=&#8221;gradient&#8221; css=&#8221;&#8221; link=&#8221;url:https%3A%2F%2Fperito-moreno.com%2Fpt%2Fviedma%2F|title:Geleira%20Viedma&#8221;][\/vc_column][vc_column width=&#8221;1\/6&#8243;][vc_btn title=&#8221;Fitz Roy&#8221; style=&#8221;gradient&#8221; css=&#8221;&#8221; link=&#8221;url:https%3A%2F%2Fperito-moreno.com%2Fpt%2Ffitz-roy%2F|title:Fitz%20Roy&#8221;][vc_btn title=&#8221;Parque Nacional Los Glaciares&#8221; style=&#8221;gradient&#8221; css=&#8221;&#8221; link=&#8221;url:https%3A%2F%2Fperito-moreno.com%2Fpt%2FParque-Nacional-Los-Glaciares|title:Parque%20Nacional%20Los%20Glaciares&#8221;][vc_btn title=&#8221;Perito Moreno&#8221; style=&#8221;gradient&#8221; css=&#8221;&#8221; link=&#8221;url:https%3A%2F%2Fperito-moreno.com%2Fpt%2Fgeleira|title:Perito%20Moreno&#8221;][\/vc_column][vc_column width=&#8221;1\/6&#8243;][vc_btn title=&#8221;Geleira Spegazzini&#8221; style=&#8221;gradient&#8221; css=&#8221;&#8221; link=&#8221;url:https%3A%2F%2Fperito-moreno.com%2Fpt%2Fgeleira-spegazzini|title:Geleira%20Spegazzini&#8221;][vc_btn title=&#8221;Parque Nacional [&hellip;]<\/p>\n","protected":false},"author":1,"featured_media":0,"parent":0,"menu_order":0,"comment_status":"closed","ping_status":"closed","template":"","meta":{"om_disable_all_campaigns":false,"_monsterinsights_skip_tracking":false,"_monsterinsights_sitenote_active":false,"_monsterinsights_sitenote_note":"","_monsterinsights_sitenote_category":0,"footnotes":""},"class_list":["post-61","page","type-page","status-publish","hentry"],"aioseo_notices":[],"_links":{"self":[{"href":"https:\/\/perito-moreno.com\/pt\/wp-json\/wp\/v2\/pages\/61","targetHints":{"allow":["GET"]}}],"collection":[{"href":"https:\/\/perito-moreno.com\/pt\/wp-json\/wp\/v2\/pages"}],"about":[{"href":"https:\/\/perito-moreno.com\/pt\/wp-json\/wp\/v2\/types\/page"}],"author":[{"embeddable":true,"href":"https:\/\/perito-moreno.com\/pt\/wp-json\/wp\/v2\/users\/1"}],"replies":[{"embeddable":true,"href":"https:\/\/perito-moreno.com\/pt\/wp-json\/wp\/v2\/comments?post=61"}],"version-history":[{"count":0,"href":"https:\/\/perito-moreno.com\/pt\/wp-json\/wp\/v2\/pages\/61\/revisions"}],"wp:attachment":[{"href":"https:\/\/perito-moreno.com\/pt\/wp-json\/wp\/v2\/media?parent=61"}],"curies":[{"name":"wp","href":"https:\/\/api.w.org\/{rel}","templated":true}]}}