{"id":31,"date":"2024-05-27T17:56:36","date_gmt":"2024-05-27T15:56:36","guid":{"rendered":"https:\/\/perito-moreno.com\/?page_id=31"},"modified":"2024-07-17T10:25:08","modified_gmt":"2024-07-17T08:25:08","slug":"atividades","status":"publish","type":"page","link":"https:\/\/perito-moreno.com\/pt\/atividades\/","title":{"rendered":"Atividades"},"content":{"rendered":"<div class=\"wpb-content-wrapper\"><p>[vc_row][vc_column width=&#8221;1\/6&#8243;][vc_btn title=&#8221;Cruzeiro na geleira&#8221; style=&#8221;gradient&#8221; gradient_color_1=&#8221;peacoc&#8221; css=&#8221;&#8221; link=&#8221;url:https%3A%2F%2Fperito-moreno.com%2Fpt%2Fcruzeiro-na-geleira%2F|title:Cruzeiro%20na%20geleira&#8221;][\/vc_column][vc_column width=&#8221;1\/6&#8243;][vc_btn title=&#8221;Passeios tur\u00edsticos&#8221; style=&#8221;gradient&#8221; gradient_color_1=&#8221;peacoc&#8221; css=&#8221;&#8221; link=&#8221;url:https%3A%2F%2Fperito-moreno.com%2Fpt%2Fpasseios-turisticos-em-calafate%2F|title:Passeios%20tur%C3%ADsticos&#8221;][vc_btn title=&#8221;El Chalt\u00e9n \u2013 Caminhadas&#8221; style=&#8221;gradient&#8221; gradient_color_1=&#8221;peacoc&#8221; css=&#8221;&#8221; link=&#8221;url:https%3A%2F%2Fperito-moreno.com%2Fpt%2Fel-chalten-caminhadas%2F|title:El%20Chalt%C3%A9n%20%E2%80%93%20Caminhadas|target:_blank&#8221;][\/vc_column][vc_column width=&#8221;1\/6&#8243;][vc_btn title=&#8221;Viagem panor\u00e2mica&#8221; style=&#8221;gradient&#8221; gradient_color_1=&#8221;peacoc&#8221; css=&#8221;&#8221; link=&#8221;url:https%3A%2F%2Fperito-moreno.com%2Fpt%2Fviagem-panoramica%2F|title:Viagem%20panor%C3%A2mica&#8221;][vc_btn title=&#8221;Trekking Perito Moreno&#8221; style=&#8221;gradient&#8221; gradient_color_1=&#8221;peacoc&#8221; css=&#8221;&#8221; link=&#8221;url:https%3A%2F%2Fperito-moreno.com%2Fpt%2Ftrekking%2F|title:Trekking%20Perito%20Moreno&#8221;][\/vc_column][vc_column width=&#8221;1\/6&#8243;][vc_btn title=&#8221;Glaciarium&#8221; style=&#8221;gradient&#8221; gradient_color_1=&#8221;peacoc&#8221; css=&#8221;&#8221; link=&#8221;url:https%3A%2F%2Fperito-moreno.com%2Fpt%2Fglaciarium%2F|title:Glaciarium&#8221;][vc_btn title=&#8221;4\u00d74 Balcones de Calafate&#8221; style=&#8221;gradient&#8221; gradient_color_1=&#8221;peacoc&#8221; css=&#8221;&#8221; link=&#8221;url:https%3A%2F%2Fperito-moreno.com%2Fpt%2Fbalcones-de-calafate%2F|title:4%C3%974%20Balcones%20de%20Calafate&#8221;][\/vc_column][vc_column width=&#8221;1\/6&#8243;][vc_btn title=&#8221;Caiaque Perito Moreno&#8221; style=&#8221;gradient&#8221; gradient_color_1=&#8221;peacoc&#8221; css=&#8221;&#8221; link=&#8221;url:https%3A%2F%2Fperito-moreno.com%2Fpt%2Fcaiaque-perito-moreno%2F|title:Caiaque%20Perito%20Moreno&#8221;][vc_btn title=&#8221;Laguna de los Tres&#8221; style=&#8221;gradient&#8221; gradient_color_1=&#8221;peacoc&#8221; css=&#8221;&#8221; link=&#8221;url:https%3A%2F%2Fperito-moreno.com%2Fpt%2Flaguna-de-los-tres%2F|title:Laguna%20de%20los%20Tres%20-%20Caminhadas&#8221;][\/vc_column][vc_column width=&#8221;1\/6&#8243;][vc_btn title=&#8221;Safari Azul Calafate&#8221; style=&#8221;gradient&#8221; gradient_color_1=&#8221;peacoc&#8221; css=&#8221;&#8221; link=&#8221;url:https%3A%2F%2Fperito-moreno.com%2Fpt%2Fsafari-azul-calafate%2F|title:Safari%20Azul%20Calafate&#8221;][\/vc_column][\/vc_row][vc_row][vc_column][vc_column_text css=&#8221;&#8221;]<\/p>\n<div class=\"font-claude-message pr-4 md:pr-9 relative overflow-x-auto leading-[1.65rem] [&amp;_pre&gt;div]:bg-bg-300 [&amp;_pre]:-mr-4 md:[&amp;_pre]:-mr-9\">\n<div class=\"grid grid-col-1 gap-2.5 [&amp;_&gt;_*]:min-w-0\">\n<h1>Atividades que voc\u00ea definitivamente deve fazer em Perito Moreno e nos parques ao redor<\/h1>\n<p>A vis\u00e3o das enormes paredes de gelo azul da <a href=\"https:\/\/perito-moreno.com\/pt\/geleira\/\"><strong>geleira Perito Moreno<\/strong><\/a> \u00e9, sem d\u00favida, uma das experi\u00eancias mais impressionantes da <a href=\"https:\/\/perito-moreno.com\/pt\/patagonia\/\"><strong>Patag\u00f4nia<\/strong><\/a> argentina. Mas essa regi\u00e3o remota do <a href=\"https:\/\/perito-moreno.com\/pt\/parque-nacional-los-glaciares\/\"><strong>Parque Nacional Los Glaciares<\/strong><\/a> e os arredores oferecem muitas outras atividades de aventura para os entusiastas da vida ao ar livre. De <a href=\"https:\/\/perito-moreno.com\/pt\/cruzeiro-na-geleira\/\"><strong>trekking a cruzeiros nas geleiras<\/strong><\/a>, de cavalgadas a excurs\u00f5es em ve\u00edculos especiais. Aqui est\u00e3o algumas das atividades que voc\u00ea n\u00e3o deve perder para aproveitar ao m\u00e1ximo a experi\u00eancia no Perito Moreno.<\/p>\n<h2>Trekking no gelo milenar<\/h2>\n<p>Uma das experi\u00eancias mais impressionantes \u00e9 literalmente caminhar sobre a superf\u00edcie do Perito Moreno em excurs\u00f5es de trekking no gelo. Equipados com crampons e equipamentos especiais, essas caminhadas permitem que voc\u00ea entre nas infinitas curvas, fendas e cavernas que comp\u00f5em a superf\u00edcie do gelo patag\u00f4nico.<\/p>\n<p>\u00c9 quase como explorar um planeta alien\u00edgena feito de safira azul gigante. Ao caminhar entre as esculturas e torres de gelo, \u00e9 poss\u00edvel ver os tons profundos e luminosos de azul criados pela compress\u00e3o das geleiras ao longo de v\u00e1rios mil\u00eanios.<\/p>\n<h3>Navegando pela costa de gelo<\/h3>\n<p>Outra atividade \u00e9 navegar pelas \u00e1guas geladas do Brazo Rico e do Canal de los T\u00e9mpanos do <a href=\"https:\/\/perito-moreno.com\/pt\/lago-argentino\/\"><strong>Lago Argentino<\/strong><\/a>. Essas travessias com embarca\u00e7\u00f5es especiais, como o m\u00edtico catamar\u00e3 Mar\u00eda Turquesa, permitem que voc\u00ea chegue a poucos metros das enormes paredes do Perito Moreno.<\/p>\n<p>Assim, \u00e9 poss\u00edvel assistir ao vivo e diretamente ao espet\u00e1culo \u00fanico de enormes massas de gelo se rompendo, o chamado &#8220;calving&#8221;. Nesses momentos, blocos de v\u00e1rias dezenas de metros de comprimento mergulham na \u00e1gua, criando um rugido estrondoso e ondas enormes.<\/p>\n<h4>Caminhada at\u00e9 os mirantes<\/h4>\n<p>A \u00e1rea ao redor do Perito Moreno tamb\u00e9m oferece in\u00fameras oportunidades para caminhadas e trekking em trilhas que levam a impressionantes mirantes naturais com vistas panor\u00e2micas de toda a \u00e1rea da geleira. O Sendero al Mirador del Cerro Frias e o Mirador del Lago Rico s\u00e3o altamente recomendados.<\/p>\n<p>Desses pontos de vista, os caminhantes podem ver todo o campo de gelo, no qual se encaixam as in\u00fameras l\u00ednguas de geleira que descem dos picos dos Andes. Um verdadeiro sonho polar que se equipara \u00e0 Ant\u00e1rtica ou \u00e0 Groenl\u00e2ndia.<\/p>\n<h3>Saf\u00e1ri de barco e observa\u00e7\u00e3o da vida selvagem<\/h3>\n<p>Para os amantes de animais, uma das atividades mais interessantes \u00e9 provavelmente o saf\u00e1ri de barco pelas \u00e1guas do Lago Argentino e do Lago Viedma. Esses passeios de barco s\u00e3o a melhor maneira de observar de perto esp\u00e9cies como cormor\u00f5es, flamingos, gansos e v\u00e1rias aves end\u00eamicas.<\/p>\n<p>As \u00e1guas azul-turquesa desses lagos glaciais oferecem um cen\u00e1rio privilegiado para observar a vida selvagem em todo o seu esplendor, incluindo poss\u00edveis avistamentos de mam\u00edferos maiores, como huemules ou pumas, nas margens.<\/p>\n<h4>Passeios a cavalo e caminhadas<\/h4>\n<p>Outra maneira altamente recomendada de explorar essa regi\u00e3o m\u00e1gica da Patag\u00f4nia \u00e9 fazer trekking e cavalgar por trilhas e vales cercados por geleiras e picos cobertos de neve. H\u00e1 muitos fornecedores locais que oferecem passeios a cavalo em v\u00e1rios n\u00edveis de dificuldade.<\/p>\n<p>Nesses passeios, voc\u00ea pode se aventurar em cantos de dif\u00edcil acesso a p\u00e9 e admirar paisagens infinitas de florestas de lengas milenares, turfeiras, rios glaciais e vales esculpidos no gelo. Essa \u00e9 uma maneira tradicional de se conectar com a ess\u00eancia da Patag\u00f4nia intocada.<\/p>\n<h3>Passeios em ve\u00edculos especiais 4&#215;4<\/h3>\n<p>Os entusiastas de ve\u00edculos off-road n\u00e3o ficar\u00e3o desapontados com a \u00e1rea de Perito Moreno. V\u00e1rias empresas oferecem <a href=\"https:\/\/perito-moreno.com\/pt\/balcones-de-calafate\/\"><strong>passeios de 4&#215;4<\/strong><\/a> em estradas de alta montanha que permitem chegar a pontos de observa\u00e7\u00e3o com vistas \u00fanicas desse reino glacial continental.<\/p>\n<p>Essas excurs\u00f5es incluem passeios off-road, bem como caminhadas em trilhas e geleiras menores. Uma maneira muito completa de explorar os cantos infinitos e inacess\u00edveis no cora\u00e7\u00e3o do gelo patag\u00f4nico.<\/p>\n<p>Seja qual for a atividade que voc\u00ea escolher, visitar Perito Moreno e seus arredores ser\u00e1 uma experi\u00eancia inesquec\u00edvel. Conectar-se com o imenso poder das geleiras que moldaram essa regi\u00e3o deserta dos Andes \u00e9, sem d\u00favida, um privil\u00e9gio que vale a pena ser vivido intensamente.<\/p>\n<p>&nbsp;<\/p>\n<\/div>\n<\/div>\n<p>[\/vc_column_text][vc_column_text css=&#8221;&#8221;]<\/p>\n<div data-gyg-href=\"https:\/\/widget.getyourguide.com\/default\/activities.frame\" data-gyg-locale-code=\"pt-BR\" data-gyg-widget=\"activities\" data-gyg-number-of-items=\"6\" data-gyg-partner-id=\"OKFS1TT\" data-gyg-q=\"Perito moreno\">Powered by <a href=\"https:\/\/www.getyourguide.com\/perito-moreno-gletscher-l95231\/\" target=\"_blank\" rel=\"noopener sponsored\">GetYourGuide<\/a><\/div>\n<p>[\/vc_column_text][\/vc_column][\/vc_row]<\/p>\n<\/div>","protected":false},"excerpt":{"rendered":"<p>[vc_row][vc_column width=&#8221;1\/6&#8243;][vc_btn title=&#8221;Cruzeiro na geleira&#8221; style=&#8221;gradient&#8221; gradient_color_1=&#8221;peacoc&#8221; css=&#8221;&#8221; link=&#8221;url:https%3A%2F%2Fperito-moreno.com%2Fpt%2Fcruzeiro-na-geleira%2F|title:Cruzeiro%20na%20geleira&#8221;][\/vc_column][vc_column width=&#8221;1\/6&#8243;][vc_btn title=&#8221;Passeios tur\u00edsticos&#8221; style=&#8221;gradient&#8221; gradient_color_1=&#8221;peacoc&#8221; css=&#8221;&#8221; link=&#8221;url:https%3A%2F%2Fperito-moreno.com%2Fpt%2Fpasseios-turisticos-em-calafate%2F|title:Passeios%20tur%C3%ADsticos&#8221;][vc_btn title=&#8221;El Chalt\u00e9n \u2013 Caminhadas&#8221; style=&#8221;gradient&#8221; gradient_color_1=&#8221;peacoc&#8221; css=&#8221;&#8221; link=&#8221;url:https%3A%2F%2Fperito-moreno.com%2Fpt%2Fel-chalten-caminhadas%2F|title:El%20Chalt%C3%A9n%20%E2%80%93%20Caminhadas|target:_blank&#8221;][\/vc_column][vc_column width=&#8221;1\/6&#8243;][vc_btn title=&#8221;Viagem panor\u00e2mica&#8221; style=&#8221;gradient&#8221; gradient_color_1=&#8221;peacoc&#8221; css=&#8221;&#8221; link=&#8221;url:https%3A%2F%2Fperito-moreno.com%2Fpt%2Fviagem-panoramica%2F|title:Viagem%20panor%C3%A2mica&#8221;][vc_btn title=&#8221;Trekking Perito Moreno&#8221; style=&#8221;gradient&#8221; gradient_color_1=&#8221;peacoc&#8221; css=&#8221;&#8221; link=&#8221;url:https%3A%2F%2Fperito-moreno.com%2Fpt%2Ftrekking%2F|title:Trekking%20Perito%20Moreno&#8221;][\/vc_column][vc_column width=&#8221;1\/6&#8243;][vc_btn title=&#8221;Glaciarium&#8221; style=&#8221;gradient&#8221; gradient_color_1=&#8221;peacoc&#8221; css=&#8221;&#8221; link=&#8221;url:https%3A%2F%2Fperito-moreno.com%2Fpt%2Fglaciarium%2F|title:Glaciarium&#8221;][vc_btn title=&#8221;4\u00d74 Balcones de Calafate&#8221; style=&#8221;gradient&#8221; gradient_color_1=&#8221;peacoc&#8221; css=&#8221;&#8221; link=&#8221;url:https%3A%2F%2Fperito-moreno.com%2Fpt%2Fbalcones-de-calafate%2F|title:4%C3%974%20Balcones%20de%20Calafate&#8221;][\/vc_column][vc_column width=&#8221;1\/6&#8243;][vc_btn title=&#8221;Caiaque Perito [&hellip;]<\/p>\n","protected":false},"author":1,"featured_media":0,"parent":0,"menu_order":0,"comment_status":"closed","ping_status":"closed","template":"","meta":{"om_disable_all_campaigns":false,"_monsterinsights_skip_tracking":false,"_monsterinsights_sitenote_active":false,"_monsterinsights_sitenote_note":"","_monsterinsights_sitenote_category":0,"footnotes":""},"class_list":["post-31","page","type-page","status-publish","hentry"],"aioseo_notices":[],"_links":{"self":[{"href":"https:\/\/perito-moreno.com\/pt\/wp-json\/wp\/v2\/pages\/31","targetHints":{"allow":["GET"]}}],"collection":[{"href":"https:\/\/perito-moreno.com\/pt\/wp-json\/wp\/v2\/pages"}],"about":[{"href":"https:\/\/perito-moreno.com\/pt\/wp-json\/wp\/v2\/types\/page"}],"author":[{"embeddable":true,"href":"https:\/\/perito-moreno.com\/pt\/wp-json\/wp\/v2\/users\/1"}],"replies":[{"embeddable":true,"href":"https:\/\/perito-moreno.com\/pt\/wp-json\/wp\/v2\/comments?post=31"}],"version-history":[{"count":0,"href":"https:\/\/perito-moreno.com\/pt\/wp-json\/wp\/v2\/pages\/31\/revisions"}],"wp:attachment":[{"href":"https:\/\/perito-moreno.com\/pt\/wp-json\/wp\/v2\/media?parent=31"}],"curies":[{"name":"wp","href":"https:\/\/api.w.org\/{rel}","templated":true}]}}