{"id":93,"date":"2024-05-28T11:28:40","date_gmt":"2024-05-28T09:28:40","guid":{"rendered":"https:\/\/perito-moreno.com\/?page_id=93"},"modified":"2024-07-17T13:43:15","modified_gmt":"2024-07-17T11:43:15","slug":"nationalpark-los-glaciares","status":"publish","type":"page","link":"https:\/\/perito-moreno.com\/de\/nationalpark-los-glaciares\/","title":{"rendered":"Nationalpark Los Glaciares"},"content":{"rendered":"<div class=\"wpb-content-wrapper\"><p>[vc_row][vc_column][vc_single_image image=&#8220;107&#8243; img_size=&#8220;full&#8220; css=&#8220;&#8220;][vc_column_text css=&#8220;&#8220;]<\/p>\n<h1>Nationalpark Los Glaciares: Das Paradies des ewigen Eises<\/h1>\n<p>Im abgelegenen Herzen des argentinischen S\u00fcdpatagoniens befindet sich auf einer Fl\u00e4che von fast 8.000 km2 eines der gr\u00f6\u00dften kontinentalen Eisschutzgebiete, das nach der Antarktis und Gr\u00f6nland je entdeckt wurde. Die Rede ist vom Nationalpark Los Glaciares, einem Naturparadies mit schneebedeckten Gipfeln, endlosen Schneewehen und <a href=\"https:\/\/gyg.me\/ShzzvRAZ\"><strong>kolossalen Gletscherzungen<\/strong><\/a>, die aus den Tiefen der Anden herabst\u00fcrzen.<\/p>\n<h2>Wiege der gro\u00dfen patagonischen Gletscher<\/h2>\n<p>Was dieses Naturschutzgebiet zu einem Kultziel f\u00fcr Reisende und Outdoor-Fans aus aller Welt macht, ist die einzigartige Konzentration einiger der beeindruckendsten und gewaltigsten Gletscher S\u00fcdamerikas. Hier finden Sie wahre Eisriesen wie den <a href=\"https:\/\/perito-moreno.com\/de\/perito-moreno\/\"><strong>Perito Moreno<\/strong><\/a>, <a href=\"https:\/\/perito-moreno.com\/de\/upsala\/\"><strong>Upsala<\/strong><\/a>, <a href=\"https:\/\/perito-moreno.com\/de\/viedma\/\"><strong>Viedma<\/strong><\/a> und <a href=\"https:\/\/perito-moreno.com\/de\/spegazzini-gletscher\/\"><strong>Spegazzini,<\/strong><\/a> um nur einige zu nennen.<\/p>\n<p>Diese gewaltige Ansammlung jahrtausendealter Gletschermassen ist auf das s\u00fcdliche kontinentale patagonische Eisfeld zur\u00fcckzuf\u00fchren. Diese gewaltige Eisschicht mit einer Ausdehnung von 16 800 km2, die von den sich bewegenden Gletschern selbst gebildet wird, fungiert als eine Art \u201eEisfabrik\u201c, die die riesigen Gletscherzungen, die sich in Richtung der Andent\u00e4ler und Seen absenken, st\u00e4ndig speist und erneuert.<\/p>\n<h3>Der Gletschermund des Perito Moreno<\/h3>\n<p>Die Hauptattraktion des Parks Los Glaciares ist zweifelsohne der emblematische Perito-Moreno-Gletscher. Diese 30 km lange und 5 km lange Gletscherzunge bietet eines der beeindruckendsten Naturschauspiele der Welt, wenn ihr jahrtausendealtes Eis mit dem Wasser des Brazo Rico des<a href=\"https:\/\/perito-moreno.com\/de\/lago-argentino\/\"><strong> Lago Argentino<\/strong><\/a> zusammenst\u00f6\u00dft.<\/p>\n<p>Hier bringt dieser Eisriese das Ph\u00e4nomen des \u201eKalbens\u201c hervor, bei dem riesige Eisberge und Eismassen von Dutzenden von Metern L\u00e4nge in den T\u00e9mpanos-Kanal st\u00fcrzen. Dieses Ereignis aus n\u00e4chster N\u00e4he mitzuerleben, kombiniert mit der M\u00f6glichkeit, auf dem Gletscher selbst zu wandern, bis zu seiner Stirnseite zu navigieren und durch nat\u00fcrliche Aussichtspunkte zu wandern, macht es zu einer unvergesslichen Attraktion, die man gesehen haben muss.<\/p>\n<h3>Erkundung der unber\u00fchrten Gletscher<\/h3>\n<p>Doch die Gletscherattraktionen des Parks sind bei weitem nicht auf den Perito Moreno beschr\u00e4nkt. Der Park beherbergt weitere uralte Eisriesen, die ebenso beeindruckend sind, wenn auch weniger zug\u00e4nglich und vom Massentourismus weniger erforscht.<\/p>\n<p>Dazu geh\u00f6rt der Upsala-Gletscher, eine Gletscherzunge von 60 km L\u00e4nge und mehr als 850 km2 Fl\u00e4che, die mit bis zu 70 Meter hohen Gipfeln und Eisw\u00e4nden bedeckt ist. Oder der Viedma-Gletscher, der als gr\u00f6\u00dfte Gletschermasse nach dem Perito selbst gilt, mit einer Fl\u00e4che von fast 1.000 km2, einer 5 km langen Endfront und einer H\u00f6he von mehr als 120 Metern \u00fcber dem Lago Viedma.<\/p>\n<h4>Unendliche, vom Eis geschliffene T\u00e4ler<\/h4>\n<p>Neben den Gletscherzungen selbst beherbergt der Nationalpark Los Glaciares auch einige der T\u00e4ler, die durch die Erosion der gro\u00dfen Gletscherm\u00e4ntel, die die Region w\u00e4hrend der letzten Eiszeit bedeckten, entstanden sind. Tiefe Vertiefungen, durch die heute Schmelzwasserfl\u00fcsse flie\u00dfen, bilden echte Canyons und unendliche Schluchten, die in den Fels gehauen wurden.<\/p>\n<p>Eine der Hauptattraktionen ist die kleine Stadt <a href=\"https:\/\/perito-moreno.com\/de\/el-chalten\/\"><strong>El Chalt\u00e9n<\/strong><\/a>, die in einem abgelegenen Gletschertal liegt, umgeben von unber\u00fchrten Bergen wie dem <a href=\"https:\/\/perito-moreno.com\/de\/fitz-roy\/\"><strong>Mount Fitz Roy<\/strong><\/a> und dem imposanten <a href=\"https:\/\/perito-moreno.com\/de\/cerro-torre\/\"><strong>Cerro Torre<\/strong><\/a>. Von dieser beschaulichen Siedlung aus f\u00fchren zahlreiche Wanderwege und Trekkingpfade in die unendlichen Weiten, die durch das uralte Gletschergeschehen geformt wurden.<\/p>\n<h3>Ein Paradies f\u00fcr Trekking und Abenteuer.<\/h3>\n<p>Abgesehen von seinen beeindruckenden landschaftlichen Reizen ist der Nationalpark Los Glaciares zu einem der wichtigsten Ziele f\u00fcr Trekking- und Outdoor-Abenteuerfreunde in Argentinien geworden. Sein ausgedehntes Wegenetz erm\u00f6glicht ganzt\u00e4gige Wanderungen und mehrt\u00e4gige Campingausfl\u00fcge in einigen der unber\u00fchrtesten Gebirgsecken Patagoniens.<\/p>\n<p>Zu den beliebtesten Routen geh\u00f6ren der Rundweg um die <a href=\"https:\/\/perito-moreno.com\/de\/nationalpark-torres-del-paine\/\"><strong>Torres del Paine<\/strong><\/a>, die Wanderungen zum Campingplatz am R\u00edo Blanco mit Blick auf den Fitz Roy oder die anspruchsvolle Wanderung \u00fcber die Mor\u00e4ne des Perito Moreno zu seiner imposanten Gletscherfront. Ein Land der Herausforderungen und der vollen Verbindung mit der Natur.<\/p>\n<h3>Das Patagonische Wildtierschutzgebiet<\/h3>\n<p>Aber in diesem riesigen Schutzgebiet gibt es nicht nur Gletscher und Berge. Der Park Los Glaciares beherbergt auch wichtige Reserven der patagonischen Flora und Fauna und dient als Zufluchtsort f\u00fcr einige der symboltr\u00e4chtigsten und am st\u00e4rksten gef\u00e4hrdeten Tierarten dieser abgelegenen Region.<\/p>\n<p>Zu den gro\u00dfen Bewohnern des Gebiets geh\u00f6ren Pumas, Huemules, Guanacos, Rotf\u00fcchse, Kondore und sogar Rarit\u00e4ten wie der Monito del Monte oder der Huill\u00edn, ein patagonischer S\u00fc\u00dfwasserotter. Eine jungfr\u00e4uliche und praktisch unber\u00fchrte Welt, die dazu einl\u00e4dt, erkundet und gesch\u00fctzt zu werden.<\/p>\n<p>Die gro\u00dfen Gletscher, die unendlichen, vom Jahrtausende alten Eis geformten T\u00e4ler und die ewig schneebedeckten Gipfel machen den Nationalpark Los Glaciares zu einem der letzten gro\u00dfen, unber\u00fchrten Refugien des <a href=\"https:\/\/perito-moreno.com\/de\/patagonien\/\"><strong>argentinischen Patagoniens<\/strong><\/a>. Ein nat\u00fcrliches Heiligtum, das einige der beeindruckendsten und herausforderndsten Landschaften des Planeten f\u00fcr diejenigen sch\u00fctzt, die sich trauen, sie eingehend zu erforschen.[\/vc_column_text][vc_column_text css=&#8220;&#8220;]<\/p>\n<div data-gyg-href=\"https:\/\/widget.getyourguide.com\/default\/activities.frame\" data-gyg-locale-code=\"de-DE\" data-gyg-widget=\"activities\" data-gyg-number-of-items=\"2\" data-gyg-partner-id=\"OKFS1TT\" data-gyg-tour-ids=\"231537,233632\">Powered by <a href=\"https:\/\/www.getyourguide.com\/el-calafate-l544\/\" target=\"_blank\" rel=\"noopener sponsored\">GetYourGuide<\/a><\/div>\n<p>[\/vc_column_text][\/vc_column][\/vc_row][vc_row css=&#8220;.vc_custom_1716896471418{background-color: #dddad0 !important;border-radius: 10px !important;}&#8220;][vc_column][vc_column_text css=&#8220;&#8220;]<\/p>\n<h3>H\u00e4ufig gestellte Fragen<\/h3>\n<p><strong>Wie erreicht man den Nationalpark Los Glaciares von El Calafate aus?<\/strong><\/p>\n<p>Der Hauptzugang zum Nationalpark Los Glaciares erfolgt vom Touristenort El Calafate aus, der nur 78 km vom Perito-Moreno-Gletschergebiet entfernt liegt. Von den verschiedenen Herbergen und Gasth\u00f6fen in El Calafate aus werden regelm\u00e4\u00dfig Transfers und Ausfl\u00fcge mit Transport angeboten. Die Fahrt \u00fcber die Nationalstra\u00dfe 11 dauert etwa eineinhalb Stunden.<\/p>\n<p><strong>Wann ist der Nationalpark Los Glaciares ge\u00f6ffnet?<\/strong><\/p>\n<p>Der Park ist ganzj\u00e4hrig ge\u00f6ffnet, 24 Stunden am Tag. In der Hochsaison (Oktober bis April) sind die wichtigsten Besucherzentren, Museen und Wanderwege jedoch von 8 bis 20 Uhr ge\u00f6ffnet.<\/p>\n<p><strong>Wie viele Gletscher gibt es im Nationalpark Los Glaciares?<\/strong><\/p>\n<p>Man sch\u00e4tzt, dass es im Park etwa 356 gr\u00f6\u00dfere Gletscher gibt, von denen dreizehn als Auslassgletscher oder alpine Gletscher gelten. Die gr\u00f6\u00dften und beeindruckendsten sind Perito Moreno, Upsala, Viedma und Spegazzini.<\/p>\n<p><strong>Welche Tiere gibt es im Nationalpark Los Glaciares?<\/strong><\/p>\n<p>Einige der Tierarten, die im Park leben, sind: Guanakos, Pumas, Huemules, Rotf\u00fcchse, Kondore, Wasserv\u00f6gel wie Flamingos und Kormorane. Auch seltene Arten wie der Monito del Monte und der Flussotter oder Huill\u00edn.<\/p>\n<p><strong>Welche Aktivit\u00e4ten kann man im Nationalpark Los Glaciares unternehmen?<\/strong><\/p>\n<p>Die wichtigsten Aktivit\u00e4ten sind: Wandern und Trekking auf Pfaden, Gletschertrekking, Kajakfahren und Schifffahrten zur Besichtigung der Gletscherfront, Reiten, Eis- und Felsklettern, Tierbeobachtung, Landschaftsfotografie und andere Berg- und Outdoor-Aktivit\u00e4ten.<\/p>\n<p><strong>Welches sind die bekanntesten Gletscher, die man besuchen kann?<\/strong><\/p>\n<p>Die am besten zug\u00e4nglichen und beliebtesten Gletscher sind der Perito Moreno, der Upsala und der Viedma wegen ihrer imposanten Stirnseiten am Lago Argentino und am Lago Viedma. Der Spegazzini-Gletscher und die Torres del Paine im chilenischen Teil sind ebenfalls sehr beliebt.<\/p>\n<p><strong>Welche Ausr\u00fcstung wird f\u00fcr die Wanderungen ben\u00f6tigt?<\/strong><\/p>\n<p>F\u00fcr leichte Wanderungen auf den Pfaden empfehlen wir Trekkingschuhe, warme, wasserfeste Kleidung, Sonnenbrille, Sonnencreme, Snacks und Trekkingst\u00f6cke. F\u00fcr anspruchsvollere Wanderungen ist Ausr\u00fcstung wie Helme, Steigeisen, Seile und andere technische Spezialkleidung erforderlich.[\/vc_column_text][\/vc_column][\/vc_row][vc_row][vc_column][vc_column_text css=&#8220;&#8220;]<\/p>\n<h3>Karte Nationalpark Los Glaciares<\/h3>\n<figure id=\"attachment_104\" aria-describedby=\"caption-attachment-104\" style=\"width: 546px\" class=\"wp-caption alignnone\"><img loading=\"lazy\" decoding=\"async\" class=\"wp-image-104\" title=\"Karte Nationalpark Los Glaciares\" src=\"https:\/\/perito-moreno.com\/wp-content\/uploads\/2024\/05\/Screenshot-2024-05-28-140632-300x177.png\" alt=\"Karte Nationalpark Los Glaciares\" width=\"546\" height=\"322\" srcset=\"https:\/\/perito-moreno.com\/de\/wp-content\/uploads\/2024\/05\/Screenshot-2024-05-28-140632-300x177.png 300w, https:\/\/perito-moreno.com\/de\/wp-content\/uploads\/2024\/05\/Screenshot-2024-05-28-140632.png 738w\" sizes=\"auto, (max-width: 546px) 100vw, 546px\" \/><figcaption id=\"caption-attachment-104\" class=\"wp-caption-text\">Karte Nationalpark Los Glaciares<\/figcaption><\/figure>\n<p>.[\/vc_column_text][\/vc_column][\/vc_row]<\/p>\n<\/div>","protected":false},"excerpt":{"rendered":"<p>[vc_row][vc_column][vc_single_image image=&#8220;107&#8243; img_size=&#8220;full&#8220; css=&#8220;&#8220;][vc_column_text css=&#8220;&#8220;] Nationalpark Los Glaciares: Das Paradies des ewigen Eises Im abgelegenen Herzen des argentinischen S\u00fcdpatagoniens befindet sich auf einer Fl\u00e4che von fast 8.000 km2 eines der gr\u00f6\u00dften kontinentalen Eisschutzgebiete, das nach der Antarktis und Gr\u00f6nland je entdeckt wurde. Die Rede ist vom Nationalpark Los Glaciares, einem Naturparadies mit schneebedeckten Gipfeln, endlosen [&hellip;]<\/p>\n","protected":false},"author":1,"featured_media":0,"parent":0,"menu_order":0,"comment_status":"closed","ping_status":"closed","template":"","meta":{"om_disable_all_campaigns":false,"_monsterinsights_skip_tracking":false,"_monsterinsights_sitenote_active":false,"_monsterinsights_sitenote_note":"","_monsterinsights_sitenote_category":0,"footnotes":""},"class_list":["post-93","page","type-page","status-publish","hentry"],"aioseo_notices":[],"_links":{"self":[{"href":"https:\/\/perito-moreno.com\/de\/wp-json\/wp\/v2\/pages\/93","targetHints":{"allow":["GET"]}}],"collection":[{"href":"https:\/\/perito-moreno.com\/de\/wp-json\/wp\/v2\/pages"}],"about":[{"href":"https:\/\/perito-moreno.com\/de\/wp-json\/wp\/v2\/types\/page"}],"author":[{"embeddable":true,"href":"https:\/\/perito-moreno.com\/de\/wp-json\/wp\/v2\/users\/1"}],"replies":[{"embeddable":true,"href":"https:\/\/perito-moreno.com\/de\/wp-json\/wp\/v2\/comments?post=93"}],"version-history":[{"count":0,"href":"https:\/\/perito-moreno.com\/de\/wp-json\/wp\/v2\/pages\/93\/revisions"}],"wp:attachment":[{"href":"https:\/\/perito-moreno.com\/de\/wp-json\/wp\/v2\/media?parent=93"}],"curies":[{"name":"wp","href":"https:\/\/api.w.org\/{rel}","templated":true}]}}