{"id":86,"date":"2024-05-28T10:18:24","date_gmt":"2024-05-28T08:18:24","guid":{"rendered":"https:\/\/perito-moreno.com\/?page_id=86"},"modified":"2024-07-17T13:40:40","modified_gmt":"2024-07-17T11:40:40","slug":"kayak-perito-moreno","status":"publish","type":"page","link":"https:\/\/perito-moreno.com\/de\/kayak-perito-moreno\/","title":{"rendered":"Kayak Perito Moreno"},"content":{"rendered":"<div class=\"wpb-content-wrapper\"><p>[vc_row][vc_column][vc_single_image image=&#8220;291&#8243; img_size=&#8220;full&#8220; css=&#8220;&#8220;][vc_column_text css=&#8220;&#8220;]<\/p>\n<h1 class=\"whitespace-pre-wrap break-words\">Kajakfahren auf dem Perito Moreno: Ein Abenteuer in Eis und Wasser<\/h1>\n<p class=\"whitespace-pre-wrap break-words\">Der Anblick der riesigen blauen Eisw\u00e4nde des <a href=\"https:\/\/perito-moreno.com\/de\/perito-moreno\/\"><strong>Perito-Moreno-Gletschers<\/strong><\/a> vom Ufer des Lago Argentino aus ist zweifellos ein unvergessliches Erlebnis. Aber nichts ist vergleichbar mit dem Abenteuer, diesen Giganten der patagonischen Gletscher aus der einzigartigen Perspektive eines Seekajaks zu erkunden. Das Paddeln durch die Gletschergew\u00e4sser des Canal de los T\u00e9mpanos, umgeben von riesigen treibenden Eisbergen und mit der Eisfront nur wenige Meter entfernt, ist eine Gelegenheit, sich mit der reinsten und abgelegensten Essenz der Natur zu verbinden.<\/p>\n<h2 class=\"whitespace-pre-wrap break-words\">Kajakausflug mit Transport inklusive<\/h2>\n<p>Um diese Erfahrung auf bequeme und sichere Weise zu erleben, bieten mehrere Unternehmen Kajakpakete im Perito Moreno mit Transport ab <a href=\"https:\/\/perito-moreno.com\/de\/calafate\/\"><strong>Calafate<\/strong><\/a> an. Der Service beginnt mit dem Transfer in 4&#215;4-Fahrzeugen von den wichtigsten Herbergen und Gasth\u00f6fen in der malerischen Stadt El Calafate.<\/p>\n<p>Nach etwa einer Stunde Fahrt erreichen Sie die Anlegestelle in der Bucht Bajo de las Sombras, einem kleinen Abschnitt des Canal de los T\u00e9mpanos mit direktem Zugang zum Gletscherfrontbereich. Dort warten die erfahrenen Kajakf\u00fchrer mit der gesamten Ausr\u00fcstung, um die Wasserexpedition zu beginnen.<\/p>\n<div data-gyg-href=\"https:\/\/widget.getyourguide.com\/default\/city.frame\" data-gyg-location-id=\"544\" data-gyg-locale-code=\"de-DE\" data-gyg-widget=\"city\" data-gyg-partner-id=\"OKFS1TT\"><\/div>\n<p>&nbsp;<\/p>\n<h3><\/h3>\n<h3 class=\"whitespace-pre-wrap break-words\">Paddeln im Schmelzwasser der Gletscher<\/h3>\n<p>Nach einer Grundausbildung begeben sich die Kajakfahrer in das offene Wasser des Kanals, um eine Erkundungstour entlang der Vorderwand des Perito Moreno zu unternehmen. Das tief t\u00fcrkisfarbene Wasser wimmelt f\u00f6rmlich von riesigen blauen Eisschollen, die eine Landschaft schaffen, die der Arktis oder Antarktis w\u00fcrdig ist.<\/p>\n<p>Je weiter Sie paddeln, desto imposanter werden die riesigen W\u00e4nde der Gletscherfront. Man kann die Gletscherspalten, H\u00f6hlen und Eisf\u00e4lle in unendlichen Blau-, Grau- und Wei\u00dfschattierungen genau erkennen. Eine wahrhaft fremde Welt aus altem Eis taucht vor Ihren Augen auf.<\/p>\n<h3>Den Eisberg beim Ausbrechen sehen<\/h3>\n<p>Einer der beeindruckendsten Momente dieser Kajaktour ist jedoch zweifellos das Ph\u00e4nomen des Kalbens oder der Abl\u00f6sung eines Eisbergs von der Gletscherstirn. Pl\u00f6tzlich und unerwartet brechen riesige, tonnenschwere Eismassen von den W\u00e4nden ab und st\u00fcrzen in das Wasser des Kanals.<\/p>\n<p>Der Aufprall erzeugt riesige Wellen, die von den Kajaks aus mit voller Wucht zu sp\u00fcren sind. Das Tosen ist buchst\u00e4blich ohrenbet\u00e4ubend, verbunden mit einem Zittern des Wassers, wie man es selten im Leben erlebt. Zweifellos eine Demonstration der immensen Gestaltungskraft, die die Gletscher auf die Geografie <a href=\"https:\/\/perito-moreno.com\/de\/patagonien\/\"><strong>Patagoniens<\/strong> <\/a>aus\u00fcben.<\/p>\n<h3>Verbundenheit in den Gletschergew\u00e4ssern<\/h3>\n<p>Abgesehen vom visuellen Spektakel ist eine der gr\u00f6\u00dften Attraktionen beim Kajakfahren um den Perito Moreno die volle Verbindung mit den Elementen der Gletschernatur. Man befindet sich buchst\u00e4blich mitten im Schmelzwasser, umgeben von W\u00e4nden aus kompaktem, Jahrtausende altem Eis, und die intensive K\u00e4lte dringt bis in die Knochen vor.<\/p>\n<p>Sie k\u00f6nnen auch das reiche Meeresleben in den Kan\u00e4len bewundern, in denen h\u00e4ufig Kormorane, M\u00f6wen und gelegentlich sogar Delfine oder Wale gesichtet werden, die sich oft in die saisonalen Gew\u00e4sser begeben. Es ist ein Fest der Kraft der Natur.<\/p>\n<h4 class=\"whitespace-pre-wrap break-words\">R\u00fcckfahrt bei Sonnenuntergang<\/h4>\n<p>Nach mehreren Stunden der Erkundung und des Paddelns vor dem Gletscher kehrt die Kajakexpedition in die Bucht Bajo de las Sombras zur\u00fcck, um den Tag zu beenden. Das Beste an dieser letzten Etappe ist, dass sie in der Regel mit den Stunden des patagonischen Sonnenuntergangs zusammenf\u00e4llt.<\/p>\n<p>Zu diesem Zeitpunkt dringen die orangefarbenen und r\u00f6tlichen Strahlen der untergehenden Sonne durch die Risse und Unebenheiten des Eises und erzeugen atemberaubende Glitzereffekte und Farbspiele. Es sieht buchst\u00e4blich so aus, als st\u00fcnden die W\u00e4nde des Perito Moreno in einem vielfarbigen Tanz in Flammen, der die unendlichen Blaut\u00f6ne noch verst\u00e4rkt.<\/p>\n<p>Nur wenige Orte auf der Welt bieten eine so tiefe und umfassende Erfahrung der Verbindung mit der Gletschernatur wie dieser Kajakausflug vor dem Perito Moreno. Im Schatten seiner gewaltigen W\u00e4nde zu paddeln, mit seinen uralten Eislandschaften zu verschmelzen und die Wucht der Gletscherkr\u00e4fte live mitzuerleben, sind Erfahrungen, die man ein Leben lang in Erinnerung beh\u00e4lt.[\/vc_column_text][\/vc_column][\/vc_row]<\/p>\n<\/div>","protected":false},"excerpt":{"rendered":"<p>[vc_row][vc_column][vc_single_image image=&#8220;291&#8243; img_size=&#8220;full&#8220; css=&#8220;&#8220;][vc_column_text css=&#8220;&#8220;] Kajakfahren auf dem Perito Moreno: Ein Abenteuer in Eis und Wasser Der Anblick der riesigen blauen Eisw\u00e4nde des Perito-Moreno-Gletschers vom Ufer des Lago Argentino aus ist zweifellos ein unvergessliches Erlebnis. Aber nichts ist vergleichbar mit dem Abenteuer, diesen Giganten der patagonischen Gletscher aus der einzigartigen Perspektive eines Seekajaks zu erkunden. [&hellip;]<\/p>\n","protected":false},"author":1,"featured_media":0,"parent":0,"menu_order":0,"comment_status":"closed","ping_status":"closed","template":"","meta":{"om_disable_all_campaigns":false,"_monsterinsights_skip_tracking":false,"_monsterinsights_sitenote_active":false,"_monsterinsights_sitenote_note":"","_monsterinsights_sitenote_category":0,"footnotes":""},"class_list":["post-86","page","type-page","status-publish","hentry"],"aioseo_notices":[],"_links":{"self":[{"href":"https:\/\/perito-moreno.com\/de\/wp-json\/wp\/v2\/pages\/86","targetHints":{"allow":["GET"]}}],"collection":[{"href":"https:\/\/perito-moreno.com\/de\/wp-json\/wp\/v2\/pages"}],"about":[{"href":"https:\/\/perito-moreno.com\/de\/wp-json\/wp\/v2\/types\/page"}],"author":[{"embeddable":true,"href":"https:\/\/perito-moreno.com\/de\/wp-json\/wp\/v2\/users\/1"}],"replies":[{"embeddable":true,"href":"https:\/\/perito-moreno.com\/de\/wp-json\/wp\/v2\/comments?post=86"}],"version-history":[{"count":0,"href":"https:\/\/perito-moreno.com\/de\/wp-json\/wp\/v2\/pages\/86\/revisions"}],"wp:attachment":[{"href":"https:\/\/perito-moreno.com\/de\/wp-json\/wp\/v2\/media?parent=86"}],"curies":[{"name":"wp","href":"https:\/\/api.w.org\/{rel}","templated":true}]}}