{"id":61,"date":"2024-05-27T20:45:06","date_gmt":"2024-05-27T18:45:06","guid":{"rendered":"https:\/\/perito-moreno.com\/?page_id=61"},"modified":"2024-07-17T13:50:03","modified_gmt":"2024-07-17T11:50:03","slug":"sehenswertes","status":"publish","type":"page","link":"https:\/\/perito-moreno.com\/de\/sehenswertes\/","title":{"rendered":"Sehenswertes"},"content":{"rendered":"<div class=\"wpb-content-wrapper\"><p>[vc_row][vc_column width=&#8220;1\/6&#8243;][vc_btn title=&#8220;Cerro Torre&#8220; style=&#8220;gradient&#8220; css=&#8220;&#8220; link=&#8220;url:https%3A%2F%2Fperito-moreno.com%2Fde%2Fcerro-torre%2F|title:Cerro%20Torre&#8220;][\/vc_column][vc_column width=&#8220;1\/6&#8243;][vc_btn title=&#8220;El Calafate&#8220; style=&#8220;gradient&#8220; css=&#8220;&#8220; link=&#8220;url:https%3A%2F%2Fperito-moreno.com%2Fde%2Fcalafate%2F|title:El%20Calafate&#8220;][vc_btn title=&#8220;Lago Argentino&#8220; style=&#8220;gradient&#8220; css=&#8220;&#8220; link=&#8220;url:https%3A%2F%2Fperito-moreno.com%2Fde%2Flago-argentino%2F|title:Lago%20Argentino&#8220;][\/vc_column][vc_column width=&#8220;1\/6&#8243;][vc_btn title=&#8220;El Chalt\u00e9n&#8220; style=&#8220;gradient&#8220; css=&#8220;&#8220; link=&#8220;url:https%3A%2F%2Fperito-moreno.com%2Fde%2Fel-chalten%2F|title:El%20Chalt%C3%A9n&#8220;][vc_btn title=&#8220;Viedma Gletscher&#8220; style=&#8220;gradient&#8220; css=&#8220;&#8220; link=&#8220;url:https%3A%2F%2Fperito-moreno.com%2Fde%2Fviedma%2F|title:Glaciar%20Viedma&#8220;][\/vc_column][vc_column width=&#8220;1\/6&#8243;][vc_btn title=&#8220;Fitz Roy&#8220; style=&#8220;gradient&#8220; css=&#8220;&#8220; link=&#8220;url:https%3A%2F%2Fperito-moreno.com%2Fde%2Ffitz-roy%2F|title:Fitz%20Roy&#8220;][vc_btn title=&#8220;Nationalpark Los Glaciares&#8220; style=&#8220;gradient&#8220; css=&#8220;&#8220; link=&#8220;url:https%3A%2F%2Fperito-moreno.com%2Fde%2Fnationalpark-los-glaciares%2F|title:Nationalpark%20Los%20Glaciares&#8220;][vc_btn title=&#8220;Perito Moreno&#8220; style=&#8220;gradient&#8220; css=&#8220;&#8220; link=&#8220;url:https%3A%2F%2Fperito-moreno.com%2Fde%2Fperito-moreno%2F|title:Perito%20Moreno&#8220;][\/vc_column][vc_column width=&#8220;1\/6&#8243;][vc_btn title=&#8220;Spegazzini Gletscher&#8220; style=&#8220;gradient&#8220; css=&#8220;&#8220; link=&#8220;url:https%3A%2F%2Fperito-moreno.com%2Fde%2Fspegazzini-gletscher%2F|title:Spegazzini%20Gletscher&#8220;][vc_btn title=&#8220;Nationalpark Torres del Paine&#8220; style=&#8220;gradient&#8220; css=&#8220;&#8220; link=&#8220;url:https%3A%2F%2Fperito-moreno.com%2Fde%2Fnationalpark-torres-del-paine%2F|title:Nationalpark%20Torres%20del%20Paine&#8220;][\/vc_column][vc_column width=&#8220;1\/6&#8243;][vc_btn title=&#8220;Upsala Gletscher&#8220; style=&#8220;gradient&#8220; css=&#8220;&#8220; link=&#8220;url:https%3A%2F%2Fperito-moreno.com%2Fde%2Fupsala%2F|title:Upsala%20Gletscher&#8220;][\/vc_column][\/vc_row][vc_row][vc_column][vc_column_text css=&#8220;&#8220;]<\/p>\n<h1 class=\"whitespace-pre-wrap break-words\">Sehenswertes rund um den Perito-Moreno-Gletscher<\/h1>\n<p class=\"whitespace-pre-wrap break-words\">Der Anblick der riesigen blauen Eisw\u00e4nde des <a href=\"https:\/\/perito-moreno.com\/de\/perito-moreno\/\"><strong>Perito-Moreno-Gletschers<\/strong> <\/a>ist zweifellos eines der unvergesslichsten Erlebnisse im argentinischen Patagonien. Doch die Region rund um diesen Eisriesen beherbergt noch viele andere Natursch\u00f6nheiten, die es zu besuchen und zu bewundern gilt. Von unber\u00fchrten Bergen bis hin zu traumhaften Gletscherseen, au\u00dfergew\u00f6hnlichen Wasserf\u00e4llen und malerischen D\u00f6rfern. Dies sind einige der Orte, die man in der Umgebung des Perito Moreno nicht verpassen sollte.<\/p>\n<h2 class=\"whitespace-pre-wrap break-words\">Cerro Frias und seine einmaligen Aussichtspunkte<\/h2>\n<p>Nur eine Autostunde vom Perito-Moreno-Gebiet entfernt erhebt sich der Cerro Frias und bietet einen der sch\u00f6nsten Panoramablicke auf das gesamte Gebiet des <a href=\"https:\/\/perito-moreno.com\/de\/nationalpark-los-glaciares\/\"><strong>Nationalparks Los Glaciares<\/strong><\/a>. Von diesem kleinen, 1.500 Meter hohen Berg f\u00fchren Wanderwege zu mehreren nat\u00fcrlichen Aussichtspunkten mit 360-Grad-Aussicht.<\/p>\n<p>Von seinen Gipfeln aus kann man den Perito-Moreno-Gletscher in seiner ganzen Ausdehnung sehen, zusammen mit dem riesigen <a href=\"https:\/\/perito-moreno.com\/de\/lago-argentino\/\"><strong>Lago Argentino<\/strong><\/a> und einem gro\u00dfen Teil der mit ewigem Schnee und h\u00e4ngendem Eis bedeckten Andenkette. Eine leichte Wanderung, die aber landschaftlich sehr lohnend ist.<\/p>\n<h2 class=\"whitespace-pre-wrap break-words\">Das Bergdorf El Calafate<\/h2>\n<p>Nachdem Sie den Perito Moreno bewundert haben, sollten Sie unbedingt das malerische St\u00e4dtchen<a href=\"https:\/\/perito-moreno.com\/de\/calafate\/\"><strong> El Calafate<\/strong><\/a> besuchen, den wichtigsten Touristenort in der Umgebung. Mit seiner alpinen Architektur aus gepflasterten Stra\u00dfen und Geb\u00e4uden aus Stein und Holz l\u00e4dt diese friedliche patagonische Siedlung dazu ein, sich zu entspannen und sich von der Stille der Landschaft mitrei\u00dfen zu lassen.<\/p>\n<p>El Calafate ist nicht nur ein idealer Ausgangspunkt f\u00fcr Angelausfl\u00fcge, Reitausfl\u00fcge und die Beobachtung der seltenen einheimischen Fauna wie Kondore und Guanakos, sondern auch f\u00fcr die Gastronomie, die sich auf regionale Produkte konzentriert, wie z. B. die k\u00f6stlichen Grillgerichte mit Lammfleisch.<\/p>\n<h3 class=\"whitespace-pre-wrap break-words\">Der Roca-See und sein bezaubernder Aussichtspunkt<\/h3>\n<p>Ganz in der N\u00e4he des Perito-Moreno-Gebietes liegt der Roca-See, ein Fl\u00fcssigspiegel mit intensivem t\u00fcrkisfarbenem Wasser, umgeben von einem Kessel kahler Felsgipfel. Das auff\u00e4lligste Merkmal ist die M\u00f6glichkeit, zu Fu\u00df auf einem Pfad zu einem nat\u00fcrlichen Aussichtspunkt auf einem Felsvorsprung am Seeufer aufzusteigen.<\/p>\n<p>Von diesem erh\u00f6hten Aussichtspunkt aus kann man den Roca-See in seiner ganzen Pracht bewundern und gleichzeitig einen Panoramablick auf die H\u00fcgel und Gletscher der Andenkette genie\u00dfen. Ein idealer Ort f\u00fcr Landschaftsfotografen oder einfach, um sich zu entspannen und mit der patagonischen Natur in Kontakt zu kommen.<\/p>\n<h3 class=\"whitespace-pre-wrap break-words\">Die Wasserf\u00e4lle und die Ufer des Centinela-Flusses<\/h3>\n<p>Eine weitere sehr empfehlenswerte Attraktion in der N\u00e4he des Perito Moreno ist das Tal des Centinela-Flusses. Dieses t\u00fcrkisfarbene Gletscherwasser entspringt an den H\u00e4ngen des Marconi-Gletschers und st\u00fcrzt sich in eine Reihe von Wasserf\u00e4llen und Stromschnellen von gro\u00dfer landschaftlicher Sch\u00f6nheit.<\/p>\n<p>Es gibt mehrere organisierte Wanderungen entlang des Centinela-Ufers, bei denen man sich den Wasserf\u00e4llen aus verschiedenen Blickwinkeln n\u00e4hern kann, und zwar in einer Umgebung mit altem Baumbestand, umgeben von Andengipfeln. Sie bieten auch die M\u00f6glichkeit, die gewaltige Erosionskraft des Gletscherwassers auf die Felsen aus der N\u00e4he zu betrachten.<\/p>\n<h3 class=\"whitespace-pre-wrap break-words\">Der Lago Argentino und seine chromatischen Luftspiegelungen<\/h3>\n<p>Obwohl es m\u00f6glich ist, den sagenhaften Lago Argentino von den Ufern des Perito Moreno aus zu befahren, ist es eine ganz andere Erfahrung, ihn von anderen Zug\u00e4ngen wie Punta Bandera oder Punta Tehuelche aus zu erkunden. Diese Wasser\u00fcberg\u00e4nge erm\u00f6glichen es Ihnen, in das offene Wasser einzutauchen und die unendlichen Blau-, Gr\u00fcn- und Graut\u00f6ne zu bewundern, die dieses Gletscherwasser annimmt.<\/p>\n<p>Je nach Intensit\u00e4t der Sonne erzeugt das in der Schwebe befindliche Partikeleis \u00fcberraschende Brechungseffekte und atemberaubende Farbenspiegelungen. Es ist fast so, als w\u00fcrde man auf einer riesigen fl\u00fcssigen Leinwand segeln, auf der sich die Farben st\u00e4ndig in unendlichen Schattierungen neu bilden.<\/p>\n<h4 class=\"whitespace-pre-wrap break-words\">Benachbarte Gletscher, die ebenso beeindruckend sind<\/h4>\n<p>In der Gegend um den Perito Moreno gibt es weitere riesige, wenn auch etwas verstecktere Gletscherzungen. Dazu geh\u00f6rt der <a href=\"https:\/\/perito-moreno.com\/de\/spegazzini-gletscher\/\"><strong>Spegazzini-Gletscher<\/strong><\/a>, ein 25 km langer Koloss, der die l\u00e4ngste Gletscherzunge des kontinentalen patagonischen Eisfeldes ist, das ihn speist.<\/p>\n<p>Eine weitere Option ist der Ameghino-Gletscher, dessen 50 Meter hohe vordere Zunge man nach einer ganzt\u00e4gigen Wanderung sehen kann. Wer es noch abenteuerlicher mag, kann den Marconi-Gletscher mit seinen riesigen Gletscherspalten und H\u00f6hlen aus tausendj\u00e4hrigem Eis \u00fcberqueren.<\/p>\n<p>Die gesamte Region des <a href=\"https:\/\/perito-moreno.com\/de\/patagonien\/\"><strong>argentinischen Patagoniens<\/strong><\/a> ist ein wahres Naturparadies f\u00fcr Liebhaber der reinsten und unber\u00fchrtesten Gletscherlandschaften. Die Planung einer Tour, die den Perito Moreno mit einigen dieser anderen Wunder verbindet, ist zweifellos der beste Weg, um die raue und abgelegene Essenz der letzten gro\u00dfen Gletscher S\u00fcdamerikas zu entdecken.[\/vc_column_text][vc_column_text css=&#8220;&#8220;]<\/p>\n<div data-gyg-href=\"https:\/\/widget.getyourguide.com\/default\/activities.frame\" data-gyg-locale-code=\"de-DE\" data-gyg-widget=\"activities\" data-gyg-number-of-items=\"3\" data-gyg-partner-id=\"OKFS1TT\" data-gyg-tour-ids=\"37818,233607,233587\">Powered by <a href=\"https:\/\/www.getyourguide.com\/el-calafate-l544\/\" target=\"_blank\" rel=\"noopener sponsored\">GetYourGuide<\/a><\/div>\n<p>[\/vc_column_text][\/vc_column][\/vc_row]<\/p>\n<\/div>","protected":false},"excerpt":{"rendered":"<p>[vc_row][vc_column width=&#8220;1\/6&#8243;][vc_btn title=&#8220;Cerro Torre&#8220; style=&#8220;gradient&#8220; css=&#8220;&#8220; link=&#8220;url:https%3A%2F%2Fperito-moreno.com%2Fde%2Fcerro-torre%2F|title:Cerro%20Torre&#8220;][\/vc_column][vc_column width=&#8220;1\/6&#8243;][vc_btn title=&#8220;El Calafate&#8220; style=&#8220;gradient&#8220; css=&#8220;&#8220; link=&#8220;url:https%3A%2F%2Fperito-moreno.com%2Fde%2Fcalafate%2F|title:El%20Calafate&#8220;][vc_btn title=&#8220;Lago Argentino&#8220; style=&#8220;gradient&#8220; css=&#8220;&#8220; link=&#8220;url:https%3A%2F%2Fperito-moreno.com%2Fde%2Flago-argentino%2F|title:Lago%20Argentino&#8220;][\/vc_column][vc_column width=&#8220;1\/6&#8243;][vc_btn title=&#8220;El Chalt\u00e9n&#8220; style=&#8220;gradient&#8220; css=&#8220;&#8220; link=&#8220;url:https%3A%2F%2Fperito-moreno.com%2Fde%2Fel-chalten%2F|title:El%20Chalt%C3%A9n&#8220;][vc_btn title=&#8220;Viedma Gletscher&#8220; style=&#8220;gradient&#8220; css=&#8220;&#8220; link=&#8220;url:https%3A%2F%2Fperito-moreno.com%2Fde%2Fviedma%2F|title:Glaciar%20Viedma&#8220;][\/vc_column][vc_column width=&#8220;1\/6&#8243;][vc_btn title=&#8220;Fitz Roy&#8220; style=&#8220;gradient&#8220; css=&#8220;&#8220; link=&#8220;url:https%3A%2F%2Fperito-moreno.com%2Fde%2Ffitz-roy%2F|title:Fitz%20Roy&#8220;][vc_btn title=&#8220;Nationalpark Los Glaciares&#8220; style=&#8220;gradient&#8220; css=&#8220;&#8220; link=&#8220;url:https%3A%2F%2Fperito-moreno.com%2Fde%2Fnationalpark-los-glaciares%2F|title:Nationalpark%20Los%20Glaciares&#8220;][vc_btn title=&#8220;Perito Moreno&#8220; style=&#8220;gradient&#8220; css=&#8220;&#8220; link=&#8220;url:https%3A%2F%2Fperito-moreno.com%2Fde%2Fperito-moreno%2F|title:Perito%20Moreno&#8220;][\/vc_column][vc_column width=&#8220;1\/6&#8243;][vc_btn title=&#8220;Spegazzini Gletscher&#8220; style=&#8220;gradient&#8220; css=&#8220;&#8220; link=&#8220;url:https%3A%2F%2Fperito-moreno.com%2Fde%2Fspegazzini-gletscher%2F|title:Spegazzini%20Gletscher&#8220;][vc_btn title=&#8220;Nationalpark Torres del [&hellip;]<\/p>\n","protected":false},"author":1,"featured_media":0,"parent":0,"menu_order":0,"comment_status":"closed","ping_status":"closed","template":"","meta":{"om_disable_all_campaigns":false,"_monsterinsights_skip_tracking":false,"_monsterinsights_sitenote_active":false,"_monsterinsights_sitenote_note":"","_monsterinsights_sitenote_category":0,"footnotes":""},"class_list":["post-61","page","type-page","status-publish","hentry"],"aioseo_notices":[],"_links":{"self":[{"href":"https:\/\/perito-moreno.com\/de\/wp-json\/wp\/v2\/pages\/61","targetHints":{"allow":["GET"]}}],"collection":[{"href":"https:\/\/perito-moreno.com\/de\/wp-json\/wp\/v2\/pages"}],"about":[{"href":"https:\/\/perito-moreno.com\/de\/wp-json\/wp\/v2\/types\/page"}],"author":[{"embeddable":true,"href":"https:\/\/perito-moreno.com\/de\/wp-json\/wp\/v2\/users\/1"}],"replies":[{"embeddable":true,"href":"https:\/\/perito-moreno.com\/de\/wp-json\/wp\/v2\/comments?post=61"}],"version-history":[{"count":0,"href":"https:\/\/perito-moreno.com\/de\/wp-json\/wp\/v2\/pages\/61\/revisions"}],"wp:attachment":[{"href":"https:\/\/perito-moreno.com\/de\/wp-json\/wp\/v2\/media?parent=61"}],"curies":[{"name":"wp","href":"https:\/\/api.w.org\/{rel}","templated":true}]}}